{"id":1958,"date":"2022-02-09T12:05:34","date_gmt":"2022-02-09T17:05:34","guid":{"rendered":"https:\/\/actionpay.ca\/commande-en-ligne\/"},"modified":"2023-08-11T07:09:17","modified_gmt":"2023-08-11T11:09:17","slug":"commande-en-ligne","status":"publish","type":"page","link":"https:\/\/actionpay.ca\/fr\/commande-en-ligne\/","title":{"rendered":"Commande en ligne"},"content":{"rendered":"\t\t<div data-elementor-type=\"wp-page\" data-elementor-id=\"1958\" class=\"elementor elementor-1958 elementor-725\" data-elementor-post-type=\"page\">\n\t\t\t\t\t\t<section class=\"elementor-section elementor-top-section elementor-element elementor-element-fdb3d21 elementor-section-height-min-height elementor-section-boxed elementor-section-height-default elementor-section-items-middle\" data-id=\"fdb3d21\" data-element_type=\"section\" data-e-type=\"section\" data-settings=\"{&quot;background_background&quot;:&quot;gradient&quot;,&quot;shape_divider_bottom&quot;:&quot;waves&quot;}\">\n\t\t\t\t\t\t\t<div class=\"elementor-background-overlay\"><\/div>\n\t\t\t\t\t\t<div class=\"elementor-shape elementor-shape-bottom\" aria-hidden=\"true\" data-negative=\"false\">\n\t\t\t<svg xmlns=\"http:\/\/www.w3.org\/2000\/svg\" viewBox=\"0 0 1000 100\" preserveAspectRatio=\"none\">\n\t<path class=\"elementor-shape-fill\" d=\"M421.9,6.5c22.6-2.5,51.5,0.4,75.5,5.3c23.6,4.9,70.9,23.5,100.5,35.7c75.8,32.2,133.7,44.5,192.6,49.7\n\tc23.6,2.1,48.7,3.5,103.4-2.5c54.7-6,106.2-25.6,106.2-25.6V0H0v30.3c0,0,72,32.6,158.4,30.5c39.2-0.7,92.8-6.7,134-22.4\n\tc21.2-8.1,52.2-18.2,79.7-24.2C399.3,7.9,411.6,7.5,421.9,6.5z\"\/>\n<\/svg>\t\t<\/div>\n\t\t\t\t\t<div class=\"elementor-container elementor-column-gap-default\">\n\t\t\t\t\t<div class=\"elementor-column elementor-col-100 elementor-top-column elementor-element elementor-element-56fd1253\" data-id=\"56fd1253\" data-element_type=\"column\" data-e-type=\"column\">\n\t\t\t<div class=\"elementor-widget-wrap elementor-element-populated\">\n\t\t\t\t\t\t<div class=\"elementor-element elementor-element-21de8620 elementor-widget elementor-widget-heading\" data-id=\"21de8620\" data-element_type=\"widget\" data-e-type=\"widget\" data-widget_type=\"heading.default\">\n\t\t\t\t<div class=\"elementor-widget-container\">\n\t\t\t\t\t<h1 class=\"elementor-heading-title elementor-size-default\">Commande En Ligne<\/h1>\t\t\t\t<\/div>\n\t\t\t\t<\/div>\n\t\t\t\t<div class=\"elementor-element elementor-element-26c9d1a9 elementor-widget elementor-widget-heading\" data-id=\"26c9d1a9\" data-element_type=\"widget\" data-e-type=\"widget\" data-widget_type=\"heading.default\">\n\t\t\t\t<div class=\"elementor-widget-container\">\n\t\t\t\t\t<h3 class=\"elementor-heading-title elementor-size-default\">D\u00e9veloppez Votre Entreprise, \u00c0 Votre Fa\u00e7on.<\/h3>\t\t\t\t<\/div>\n\t\t\t\t<\/div>\n\t\t\t\t\t<\/div>\n\t\t<\/div>\n\t\t\t\t\t<\/div>\n\t\t<\/section>\n\t\t\t\t<section class=\"elementor-section elementor-top-section elementor-element elementor-element-57337462 elementor-section-boxed elementor-section-height-default elementor-section-height-default\" data-id=\"57337462\" data-element_type=\"section\" data-e-type=\"section\" data-settings=\"{&quot;background_background&quot;:&quot;classic&quot;}\">\n\t\t\t\t\t\t<div class=\"elementor-container elementor-column-gap-default\">\n\t\t\t\t\t<div class=\"elementor-column elementor-col-50 elementor-top-column elementor-element elementor-element-5d650422\" data-id=\"5d650422\" data-element_type=\"column\" data-e-type=\"column\">\n\t\t\t<div class=\"elementor-widget-wrap elementor-element-populated\">\n\t\t\t\t\t\t<div class=\"elementor-element elementor-element-e491f02 elementor-widget elementor-widget-text-editor\" data-id=\"e491f02\" data-element_type=\"widget\" data-e-type=\"widget\" data-widget_type=\"text-editor.default\">\n\t\t\t\t<div class=\"elementor-widget-container\">\n\t\t\t\t\t\t\t\t\t<p>Industrie h\u00f4teli\u00e8re canadienne<\/p>\n\t\t\t\t\t\t\t\t<\/div>\n\t\t\t\t<\/div>\n\t\t\t\t<div class=\"elementor-element elementor-element-28a22f55 elementor-widget elementor-widget-heading\" data-id=\"28a22f55\" data-element_type=\"widget\" data-e-type=\"widget\" data-widget_type=\"heading.default\">\n\t\t\t\t<div class=\"elementor-widget-container\">\n\t\t\t\t\t<h2 class=\"elementor-heading-title elementor-size-default\">Syst\u00e8me de commande en ligne  Taliup<\/h2>\t\t\t\t<\/div>\n\t\t\t\t<\/div>\n\t\t\t\t<div class=\"elementor-element elementor-element-74faab5d elementor-widget elementor-widget-text-editor\" data-id=\"74faab5d\" data-element_type=\"widget\" data-e-type=\"widget\" data-widget_type=\"text-editor.default\">\n\t\t\t\t<div class=\"elementor-widget-container\">\n\t\t\t\t\t\t\t\t\t<p>D\u00e9couvrez la technologie en ligne et interne dont vous avez besoin pour reprendre votre entreprise entre vos mains<\/p>\n<ul>\n<li data-stringify-indent=\"0\" data-stringify-border=\"0\">Payez 0 % de commission pour toujours<\/li>\n<li data-stringify-indent=\"0\" data-stringify-border=\"0\">Menu optimis\u00e9 pour les mobiles<\/li>\n<li data-stringify-indent=\"0\" data-stringify-border=\"0\">Mises \u00e0 jour des menus et gestion des commandes en temps r\u00e9el<\/li>\n<li data-stringify-indent=\"0\" data-stringify-border=\"0\">Commandes et paiements sans contact sur site<\/li>\n<li data-stringify-indent=\"0\" data-stringify-border=\"0\">Analyse des ventes et des clients<\/li>\n<li data-stringify-indent=\"0\" data-stringify-border=\"0\">D\u00e9p\u00f4t le jour suivant<\/li>\n<\/ul>\n<p>Arr\u00eatez de compter sur des applications tierces et augmentez vos revenus avec un syst\u00e8me con\u00e7u sp\u00e9cialement pour votre entreprise.<\/p>\n\t\t\t\t\t\t\t\t<\/div>\n\t\t\t\t<\/div>\n\t\t\t\t<div class=\"elementor-element elementor-element-4c0f30c5 elementor-mobile-align-center elementor-widget elementor-widget-button\" data-id=\"4c0f30c5\" data-element_type=\"widget\" data-e-type=\"widget\" data-widget_type=\"button.default\">\n\t\t\t\t<div class=\"elementor-widget-container\">\n\t\t\t\t\t\t\t\t\t<div class=\"elementor-button-wrapper\">\n\t\t\t\t\t<a class=\"elementor-button elementor-button-link elementor-size-md\" href=\"https:\/\/actionpay.ca\/fr\/contactez-nous\/\">\n\t\t\t\t\t\t<span class=\"elementor-button-content-wrapper\">\n\t\t\t\t\t\t<span class=\"elementor-button-icon\">\n\t\t\t\t<i aria-hidden=\"true\" class=\"fas fa-arrow-right\"><\/i>\t\t\t<\/span>\n\t\t\t\t\t\t\t\t\t<span class=\"elementor-button-text\">Apprendre Encore Plus<\/span>\n\t\t\t\t\t<\/span>\n\t\t\t\t\t<\/a>\n\t\t\t\t<\/div>\n\t\t\t\t\t\t\t\t<\/div>\n\t\t\t\t<\/div>\n\t\t\t\t\t<\/div>\n\t\t<\/div>\n\t\t\t\t<div class=\"elementor-column elementor-col-50 elementor-top-column elementor-element elementor-element-44fa3351\" data-id=\"44fa3351\" data-element_type=\"column\" data-e-type=\"column\">\n\t\t\t<div class=\"elementor-widget-wrap elementor-element-populated\">\n\t\t\t\t\t\t<div class=\"elementor-element elementor-element-e00eadd elementor-widget elementor-widget-image\" data-id=\"e00eadd\" data-element_type=\"widget\" data-e-type=\"widget\" data-settings=\"{&quot;motion_fx_motion_fx_scrolling&quot;:&quot;yes&quot;,&quot;motion_fx_translateY_effect&quot;:&quot;yes&quot;,&quot;motion_fx_translateY_direction&quot;:&quot;negative&quot;,&quot;motion_fx_translateY_speed&quot;:{&quot;unit&quot;:&quot;px&quot;,&quot;size&quot;:&quot;1&quot;,&quot;sizes&quot;:[]},&quot;motion_fx_devices&quot;:[&quot;desktop&quot;,&quot;tablet&quot;],&quot;motion_fx_translateY_affectedRange&quot;:{&quot;unit&quot;:&quot;%&quot;,&quot;size&quot;:&quot;&quot;,&quot;sizes&quot;:{&quot;start&quot;:&quot;0&quot;,&quot;end&quot;:&quot;50&quot;}}}\" data-widget_type=\"image.default\">\n\t\t\t\t<div class=\"elementor-widget-container\">\n\t\t\t\t\t\t\t\t\t\t\t\t\t\t\t<img fetchpriority=\"high\" decoding=\"async\" width=\"1080\" height=\"1080\" src=\"https:\/\/actionpay.ca\/wp-content\/uploads\/2022\/02\/TaliupOnlineOrdering.png\" class=\"attachment-full size-full wp-image-1868\" alt=\"\" srcset=\"https:\/\/actionpay.ca\/wp-content\/uploads\/2022\/02\/TaliupOnlineOrdering.png 1080w, https:\/\/actionpay.ca\/wp-content\/uploads\/2022\/02\/TaliupOnlineOrdering-300x300.png 300w, https:\/\/actionpay.ca\/wp-content\/uploads\/2022\/02\/TaliupOnlineOrdering-1024x1024.png 1024w, https:\/\/actionpay.ca\/wp-content\/uploads\/2022\/02\/TaliupOnlineOrdering-150x150.png 150w, https:\/\/actionpay.ca\/wp-content\/uploads\/2022\/02\/TaliupOnlineOrdering-768x768.png 768w\" sizes=\"(max-width: 1080px) 100vw, 1080px\" \/>\t\t\t\t\t\t\t\t\t\t\t\t\t\t\t<\/div>\n\t\t\t\t<\/div>\n\t\t\t\t\t<\/div>\n\t\t<\/div>\n\t\t\t\t\t<\/div>\n\t\t<\/section>\n\t\t\t\t<section class=\"elementor-section elementor-top-section elementor-element elementor-element-423ac6d elementor-section-boxed elementor-section-height-default elementor-section-height-default\" data-id=\"423ac6d\" data-element_type=\"section\" data-e-type=\"section\" data-settings=\"{&quot;background_background&quot;:&quot;classic&quot;}\">\n\t\t\t\t\t\t<div class=\"elementor-container elementor-column-gap-default\">\n\t\t\t\t\t<div class=\"elementor-column elementor-col-50 elementor-top-column elementor-element elementor-element-bf08052\" data-id=\"bf08052\" data-element_type=\"column\" data-e-type=\"column\">\n\t\t\t<div class=\"elementor-widget-wrap elementor-element-populated\">\n\t\t\t\t\t\t<div class=\"elementor-element elementor-element-4333f2b elementor-widget elementor-widget-image\" data-id=\"4333f2b\" data-element_type=\"widget\" data-e-type=\"widget\" data-settings=\"{&quot;motion_fx_motion_fx_scrolling&quot;:&quot;yes&quot;,&quot;motion_fx_translateY_effect&quot;:&quot;yes&quot;,&quot;motion_fx_translateY_direction&quot;:&quot;negative&quot;,&quot;motion_fx_translateY_speed&quot;:{&quot;unit&quot;:&quot;px&quot;,&quot;size&quot;:&quot;1&quot;,&quot;sizes&quot;:[]},&quot;motion_fx_devices&quot;:[&quot;desktop&quot;,&quot;tablet&quot;],&quot;motion_fx_translateY_affectedRange&quot;:{&quot;unit&quot;:&quot;%&quot;,&quot;size&quot;:&quot;&quot;,&quot;sizes&quot;:{&quot;start&quot;:&quot;0&quot;,&quot;end&quot;:&quot;50&quot;}}}\" data-widget_type=\"image.default\">\n\t\t\t\t<div class=\"elementor-widget-container\">\n\t\t\t\t\t\t\t\t\t\t\t\t\t\t\t<img decoding=\"async\" width=\"1080\" height=\"1080\" src=\"https:\/\/actionpay.ca\/wp-content\/uploads\/2022\/02\/TaliupE-commerce.png\" class=\"attachment-full size-full wp-image-1869\" alt=\"\" srcset=\"https:\/\/actionpay.ca\/wp-content\/uploads\/2022\/02\/TaliupE-commerce.png 1080w, https:\/\/actionpay.ca\/wp-content\/uploads\/2022\/02\/TaliupE-commerce-300x300.png 300w, https:\/\/actionpay.ca\/wp-content\/uploads\/2022\/02\/TaliupE-commerce-1024x1024.png 1024w, https:\/\/actionpay.ca\/wp-content\/uploads\/2022\/02\/TaliupE-commerce-150x150.png 150w, https:\/\/actionpay.ca\/wp-content\/uploads\/2022\/02\/TaliupE-commerce-768x768.png 768w\" sizes=\"(max-width: 1080px) 100vw, 1080px\" \/>\t\t\t\t\t\t\t\t\t\t\t\t\t\t\t<\/div>\n\t\t\t\t<\/div>\n\t\t\t\t\t<\/div>\n\t\t<\/div>\n\t\t\t\t<div class=\"elementor-column elementor-col-50 elementor-top-column elementor-element elementor-element-72b05a4\" data-id=\"72b05a4\" data-element_type=\"column\" data-e-type=\"column\">\n\t\t\t<div class=\"elementor-widget-wrap elementor-element-populated\">\n\t\t\t\t\t\t<div class=\"elementor-element elementor-element-df1fd47 elementor-widget elementor-widget-text-editor\" data-id=\"df1fd47\" data-element_type=\"widget\" data-e-type=\"widget\" data-widget_type=\"text-editor.default\">\n\t\t\t\t<div class=\"elementor-widget-container\">\n\t\t\t\t\t\t\t\t\t<p>Entreprises canadiennes<\/p>\n\t\t\t\t\t\t\t\t<\/div>\n\t\t\t\t<\/div>\n\t\t\t\t<div class=\"elementor-element elementor-element-3d42ea1 elementor-widget elementor-widget-heading\" data-id=\"3d42ea1\" data-element_type=\"widget\" data-e-type=\"widget\" data-widget_type=\"heading.default\">\n\t\t\t\t<div class=\"elementor-widget-container\">\n\t\t\t\t\t<h2 class=\"elementor-heading-title elementor-size-default\">Plateforme de commerce  \u00e9lectronique Taliup<\/h2>\t\t\t\t<\/div>\n\t\t\t\t<\/div>\n\t\t\t\t<div class=\"elementor-element elementor-element-e3b4115 elementor-widget elementor-widget-text-editor\" data-id=\"e3b4115\" data-element_type=\"widget\" data-e-type=\"widget\" data-widget_type=\"text-editor.default\">\n\t\t\t\t<div class=\"elementor-widget-container\">\n\t\t\t\t\t\t\t\t\t<p>Commencez \u00e0 vendre vos produits ou services en ligne avec une plateforme de commerce \u00e9lectronique tout-en-un.<\/p>\n<ul>\n<li data-stringify-indent=\"0\" data-stringify-border=\"0\">Gestion des commandes et des stocks<\/li>\n<li data-stringify-indent=\"0\" data-stringify-border=\"0\">Cr\u00e9ateur de site Web personnalisable<\/li>\n<li data-stringify-indent=\"0\" data-stringify-border=\"0\">Logiciel de protection contre la fraude<\/li>\n<li data-stringify-indent=\"0\" data-stringify-border=\"0\">Outil d&rsquo;exp\u00e9dition \u00e0 prix r\u00e9duit<\/li>\n<li data-stringify-indent=\"0\" data-stringify-border=\"0\">Solutions de ramassage en bordure de rue<\/li>\n<li data-stringify-indent=\"0\" data-stringify-border=\"0\">Ventes et informations sur les clients<\/li>\n<\/ul>\n<p>G\u00e9rez les commandes en temps r\u00e9el et offrez aux clients une exp\u00e9rience d&rsquo;achat unifi\u00e9e en ligne et hors ligne.<\/p>\n\t\t\t\t\t\t\t\t<\/div>\n\t\t\t\t<\/div>\n\t\t\t\t<div class=\"elementor-element elementor-element-cbde7e2 elementor-mobile-align-center elementor-widget elementor-widget-button\" data-id=\"cbde7e2\" data-element_type=\"widget\" data-e-type=\"widget\" data-widget_type=\"button.default\">\n\t\t\t\t<div class=\"elementor-widget-container\">\n\t\t\t\t\t\t\t\t\t<div class=\"elementor-button-wrapper\">\n\t\t\t\t\t<a class=\"elementor-button elementor-button-link elementor-size-md\" href=\"https:\/\/actionpay.ca\/fr\/contactez-nous\/\">\n\t\t\t\t\t\t<span class=\"elementor-button-content-wrapper\">\n\t\t\t\t\t\t<span class=\"elementor-button-icon\">\n\t\t\t\t<i aria-hidden=\"true\" class=\"fas fa-arrow-right\"><\/i>\t\t\t<\/span>\n\t\t\t\t\t\t\t\t\t<span class=\"elementor-button-text\">Apprendre Encore Plus<\/span>\n\t\t\t\t\t<\/span>\n\t\t\t\t\t<\/a>\n\t\t\t\t<\/div>\n\t\t\t\t\t\t\t\t<\/div>\n\t\t\t\t<\/div>\n\t\t\t\t\t<\/div>\n\t\t<\/div>\n\t\t\t\t\t<\/div>\n\t\t<\/section>\n\t\t\t\t<section class=\"elementor-section elementor-top-section elementor-element elementor-element-6ee5b4cb elementor-section-boxed elementor-section-height-default elementor-section-height-default\" data-id=\"6ee5b4cb\" data-element_type=\"section\" data-e-type=\"section\" data-settings=\"{&quot;background_background&quot;:&quot;gradient&quot;,&quot;shape_divider_top&quot;:&quot;waves&quot;}\">\n\t\t\t\t\t\t\t<div class=\"elementor-background-overlay\"><\/div>\n\t\t\t\t\t\t<div class=\"elementor-shape elementor-shape-top\" aria-hidden=\"true\" data-negative=\"false\">\n\t\t\t<svg xmlns=\"http:\/\/www.w3.org\/2000\/svg\" viewBox=\"0 0 1000 100\" preserveAspectRatio=\"none\">\n\t<path class=\"elementor-shape-fill\" d=\"M421.9,6.5c22.6-2.5,51.5,0.4,75.5,5.3c23.6,4.9,70.9,23.5,100.5,35.7c75.8,32.2,133.7,44.5,192.6,49.7\n\tc23.6,2.1,48.7,3.5,103.4-2.5c54.7-6,106.2-25.6,106.2-25.6V0H0v30.3c0,0,72,32.6,158.4,30.5c39.2-0.7,92.8-6.7,134-22.4\n\tc21.2-8.1,52.2-18.2,79.7-24.2C399.3,7.9,411.6,7.5,421.9,6.5z\"\/>\n<\/svg>\t\t<\/div>\n\t\t\t\t\t<div class=\"elementor-container elementor-column-gap-default\">\n\t\t\t\t\t<div class=\"elementor-column elementor-col-50 elementor-top-column elementor-element elementor-element-4c6c06\" data-id=\"4c6c06\" data-element_type=\"column\" data-e-type=\"column\">\n\t\t\t<div class=\"elementor-widget-wrap elementor-element-populated\">\n\t\t\t\t\t\t<div class=\"elementor-element elementor-element-12f6b4ca elementor-widget elementor-widget-heading\" data-id=\"12f6b4ca\" data-element_type=\"widget\" data-e-type=\"widget\" data-widget_type=\"heading.default\">\n\t\t\t\t<div class=\"elementor-widget-container\">\n\t\t\t\t\t<h4 class=\"elementor-heading-title elementor-size-default\">D\u00e9veloppez Votre Entreprise  Avec Notre Suite D'outils Et De  Technologies Puissants.<\/h4>\t\t\t\t<\/div>\n\t\t\t\t<\/div>\n\t\t\t\t<div class=\"elementor-element elementor-element-65cc37c4 elementor-widget elementor-widget-text-editor\" data-id=\"65cc37c4\" data-element_type=\"widget\" data-e-type=\"widget\" data-widget_type=\"text-editor.default\">\n\t\t\t\t<div class=\"elementor-widget-container\">\n\t\t\t\t\t\t\t\t\t<p>\u00c9crivez-nous et restez en contact.<\/p>\n\t\t\t\t\t\t\t\t<\/div>\n\t\t\t\t<\/div>\n\t\t\t\t<div class=\"elementor-element elementor-element-162479c8 elementor-mobile-align-center elementor-widget elementor-widget-button\" data-id=\"162479c8\" data-element_type=\"widget\" data-e-type=\"widget\" data-widget_type=\"button.default\">\n\t\t\t\t<div class=\"elementor-widget-container\">\n\t\t\t\t\t\t\t\t\t<div class=\"elementor-button-wrapper\">\n\t\t\t\t\t<a class=\"elementor-button elementor-button-link elementor-size-md\" href=\"https:\/\/actionpay.ca\/fr\/contactez-nous\/\">\n\t\t\t\t\t\t<span class=\"elementor-button-content-wrapper\">\n\t\t\t\t\t\t<span class=\"elementor-button-icon\">\n\t\t\t\t<i aria-hidden=\"true\" class=\"fas fa-arrow-right\"><\/i>\t\t\t<\/span>\n\t\t\t\t\t\t\t\t\t<span class=\"elementor-button-text\">Contactez-Nous<\/span>\n\t\t\t\t\t<\/span>\n\t\t\t\t\t<\/a>\n\t\t\t\t<\/div>\n\t\t\t\t\t\t\t\t<\/div>\n\t\t\t\t<\/div>\n\t\t\t\t\t<\/div>\n\t\t<\/div>\n\t\t\t\t<div class=\"elementor-column elementor-col-50 elementor-top-column elementor-element elementor-element-1adf3b83\" data-id=\"1adf3b83\" data-element_type=\"column\" data-e-type=\"column\">\n\t\t\t<div class=\"elementor-widget-wrap elementor-element-populated\">\n\t\t\t\t\t\t<div class=\"elementor-element elementor-element-145245e3 elementor-widget elementor-widget-image\" data-id=\"145245e3\" data-element_type=\"widget\" data-e-type=\"widget\" data-settings=\"{&quot;motion_fx_motion_fx_scrolling&quot;:&quot;yes&quot;,&quot;motion_fx_translateY_effect&quot;:&quot;yes&quot;,&quot;motion_fx_translateY_direction&quot;:&quot;negative&quot;,&quot;motion_fx_translateY_speed&quot;:{&quot;unit&quot;:&quot;px&quot;,&quot;size&quot;:&quot;1&quot;,&quot;sizes&quot;:[]},&quot;motion_fx_devices&quot;:[&quot;desktop&quot;,&quot;tablet&quot;],&quot;motion_fx_translateY_affectedRange&quot;:{&quot;unit&quot;:&quot;%&quot;,&quot;size&quot;:&quot;&quot;,&quot;sizes&quot;:{&quot;start&quot;:&quot;0&quot;,&quot;end&quot;:&quot;50&quot;}}}\" data-widget_type=\"image.default\">\n\t\t\t\t<div class=\"elementor-widget-container\">\n\t\t\t\t\t\t\t\t\t\t\t\t\t\t\t<img decoding=\"async\" width=\"2560\" height=\"1707\" src=\"https:\/\/actionpay.ca\/wp-content\/uploads\/2022\/02\/pexels-yan-krukov-8867262-scaled.jpg\" class=\"attachment-full size-full wp-image-1850\" alt=\"\" srcset=\"https:\/\/actionpay.ca\/wp-content\/uploads\/2022\/02\/pexels-yan-krukov-8867262-scaled.jpg 2560w, https:\/\/actionpay.ca\/wp-content\/uploads\/2022\/02\/pexels-yan-krukov-8867262-300x200.jpg 300w, https:\/\/actionpay.ca\/wp-content\/uploads\/2022\/02\/pexels-yan-krukov-8867262-1024x683.jpg 1024w, https:\/\/actionpay.ca\/wp-content\/uploads\/2022\/02\/pexels-yan-krukov-8867262-768x512.jpg 768w, https:\/\/actionpay.ca\/wp-content\/uploads\/2022\/02\/pexels-yan-krukov-8867262-1536x1024.jpg 1536w, https:\/\/actionpay.ca\/wp-content\/uploads\/2022\/02\/pexels-yan-krukov-8867262-2048x1365.jpg 2048w, https:\/\/actionpay.ca\/wp-content\/uploads\/2022\/02\/pexels-yan-krukov-8867262-1200x800.jpg 1200w, https:\/\/actionpay.ca\/wp-content\/uploads\/2022\/02\/pexels-yan-krukov-8867262-1980x1320.jpg 1980w\" sizes=\"(max-width: 2560px) 100vw, 2560px\" \/>\t\t\t\t\t\t\t\t\t\t\t\t\t\t\t<\/div>\n\t\t\t\t<\/div>\n\t\t\t\t\t<\/div>\n\t\t<\/div>\n\t\t\t\t\t<\/div>\n\t\t<\/section>\n\t\t\t\t<\/div>\n\t\t","protected":false},"excerpt":{"rendered":"<p>Commande En Ligne D\u00e9veloppez Votre Entreprise, \u00c0 Votre Fa\u00e7on. Industrie h\u00f4teli\u00e8re canadienne Syst\u00e8me de commande en ligne Taliup D\u00e9couvrez la technologie en ligne et interne dont vous avez besoin pour reprendre votre entreprise entre vos mains Payez 0 % de commission pour toujours Menu optimis\u00e9 pour les mobiles Mises \u00e0 jour des menus et gestion [&hellip;]<\/p>\n","protected":false},"author":1,"featured_media":0,"parent":0,"menu_order":0,"comment_status":"closed","ping_status":"closed","template":"elementor_header_footer","meta":{"footnotes":""},"class_list":["post-1958","page","type-page","status-publish","hentry"],"_links":{"self":[{"href":"https:\/\/actionpay.ca\/fr\/wp-json\/wp\/v2\/pages\/1958","targetHints":{"allow":["GET"]}}],"collection":[{"href":"https:\/\/actionpay.ca\/fr\/wp-json\/wp\/v2\/pages"}],"about":[{"href":"https:\/\/actionpay.ca\/fr\/wp-json\/wp\/v2\/types\/page"}],"author":[{"embeddable":true,"href":"https:\/\/actionpay.ca\/fr\/wp-json\/wp\/v2\/users\/1"}],"replies":[{"embeddable":true,"href":"https:\/\/actionpay.ca\/fr\/wp-json\/wp\/v2\/comments?post=1958"}],"version-history":[{"count":4,"href":"https:\/\/actionpay.ca\/fr\/wp-json\/wp\/v2\/pages\/1958\/revisions"}],"predecessor-version":[{"id":2054,"href":"https:\/\/actionpay.ca\/fr\/wp-json\/wp\/v2\/pages\/1958\/revisions\/2054"}],"wp:attachment":[{"href":"https:\/\/actionpay.ca\/fr\/wp-json\/wp\/v2\/media?parent=1958"}],"curies":[{"name":"wp","href":"https:\/\/api.w.org\/{rel}","templated":true}]}}